{"id":75,"date":"2022-10-24T22:58:00","date_gmt":"2022-10-24T20:58:00","guid":{"rendered":"https:\/\/ihatepizza.pl\/bronowice\/?post_type=product&#038;p=75"},"modified":"2024-11-11T14:22:22","modified_gmt":"2024-11-11T13:22:22","slug":"frytki-belgijskie","status":"publish","type":"product","link":"https:\/\/ihatepizza.pl\/zielonki\/sklep\/kat-frytki-woo\/frytki-belgijskie\/","title":{"rendered":"FRYTKI BELGIJSKIE"},"content":{"rendered":"","protected":false},"excerpt":{"rendered":"<p>sma\u017cone na t\u0142uszczu wo\u0142owym<\/p>\n","protected":false},"featured_media":0,"template":"","meta":[],"product_cat":[25],"product_tag":[],"class_list":["post-75","product","type-product","status-publish","hentry","product_cat-kat-frytki-woo"],"wcpa_form_fields":null,"_links":{"self":[{"href":"https:\/\/ihatepizza.pl\/zielonki\/wp-json\/wp\/v2\/product\/75","targetHints":{"allow":["GET"]}}],"collection":[{"href":"https:\/\/ihatepizza.pl\/zielonki\/wp-json\/wp\/v2\/product"}],"about":[{"href":"https:\/\/ihatepizza.pl\/zielonki\/wp-json\/wp\/v2\/types\/product"}],"wp:attachment":[{"href":"https:\/\/ihatepizza.pl\/zielonki\/wp-json\/wp\/v2\/media?parent=75"}],"wp:term":[{"taxonomy":"product_cat","embeddable":true,"href":"https:\/\/ihatepizza.pl\/zielonki\/wp-json\/wp\/v2\/product_cat?post=75"},{"taxonomy":"product_tag","embeddable":true,"href":"https:\/\/ihatepizza.pl\/zielonki\/wp-json\/wp\/v2\/product_tag?post=75"}],"curies":[{"name":"wp","href":"https:\/\/api.w.org\/{rel}","templated":true}]}}